{"id":263,"date":"2024-03-26T13:52:16","date_gmt":"2024-03-26T13:52:16","guid":{"rendered":"https:\/\/joinsimple.com\/dk\/?page_id=263"},"modified":"2024-06-18T09:56:12","modified_gmt":"2024-06-18T09:56:12","slug":"delivery-returns","status":"publish","type":"page","link":"https:\/\/joinsimple.com\/dk\/delivery-returns\/","title":{"rendered":"Levering og returnering"},"content":{"rendered":"\t\t<div data-elementor-type=\"wp-page\" data-elementor-id=\"263\" class=\"elementor elementor-263\" data-elementor-post-type=\"page\">\n\t\t\t\t<div class=\"elementor-element elementor-element-04e0f81 e-flex e-con-boxed e-con e-parent\" data-id=\"04e0f81\" data-element_type=\"container\" data-core-v316-plus=\"true\">\n\t\t\t\t\t<div class=\"e-con-inner\">\n\t\t\t\t<div class=\"elementor-element elementor-element-fbdf156 elementor-widget elementor-widget-heading\" data-id=\"fbdf156\" data-element_type=\"widget\" data-widget_type=\"heading.default\">\n\t\t\t\t<div class=\"elementor-widget-container\">\n\t\t\t<style>\/*! elementor - v3.20.0 - 20-03-2024 *\/\n.elementor-heading-title{padding:0;margin:0;line-height:1}.elementor-widget-heading .elementor-heading-title[class*=elementor-size-]>a{color:inherit;font-size:inherit;line-height:inherit}.elementor-widget-heading .elementor-heading-title.elementor-size-small{font-size:15px}.elementor-widget-heading .elementor-heading-title.elementor-size-medium{font-size:19px}.elementor-widget-heading .elementor-heading-title.elementor-size-large{font-size:29px}.elementor-widget-heading .elementor-heading-title.elementor-size-xl{font-size:39px}.elementor-widget-heading .elementor-heading-title.elementor-size-xxl{font-size:59px}<\/style><h2 class=\"elementor-heading-title elementor-size-default\">Levering og returnering af varer<\/h2>\t\t<\/div>\n\t\t\t\t<\/div>\n\t\t\t\t\t<\/div>\n\t\t\t\t<\/div>\n\t\t<div class=\"elementor-element elementor-element-f185801 e-flex e-con-boxed e-con e-parent\" data-id=\"f185801\" data-element_type=\"container\" data-core-v316-plus=\"true\">\n\t\t\t\t\t<div class=\"e-con-inner\">\n\t\t\t\t<div class=\"elementor-element elementor-element-371d5e4 elementor-widget elementor-widget-text-editor\" data-id=\"371d5e4\" data-element_type=\"widget\" data-widget_type=\"text-editor.default\">\n\t\t\t\t<div class=\"elementor-widget-container\">\n\t\t\t<style>\/*! elementor - v3.20.0 - 20-03-2024 *\/\n.elementor-widget-text-editor.elementor-drop-cap-view-stacked .elementor-drop-cap{background-color:#69727d;color:#fff}.elementor-widget-text-editor.elementor-drop-cap-view-framed .elementor-drop-cap{color:#69727d;border:3px solid;background-color:transparent}.elementor-widget-text-editor:not(.elementor-drop-cap-view-default) .elementor-drop-cap{margin-top:8px}.elementor-widget-text-editor:not(.elementor-drop-cap-view-default) .elementor-drop-cap-letter{width:1em;height:1em}.elementor-widget-text-editor .elementor-drop-cap{float:left;text-align:center;line-height:1;font-size:50px}.elementor-widget-text-editor .elementor-drop-cap-letter{display:inline-block}<\/style>\t\t\t\t<p>Vi leverer din medicin gratis til den \u00f8nskede adresse. Vi leverer efter princippet &#8220;next day delivery&#8221;, hvilket vil sige, at du b\u00f8r modtage din ordre den f\u00f8rstkommende arbejdsdag. Bem\u00e6rk venligst, at dette afh\u00e6nger af tidspunktet for din bestilling. Vi kan kun sikre levering f\u00f8rstkommende hverdag, hvis du har afgivet bestilling inden kl.15.00.<\/p>\n<p>Det er gratis at annullere ordren, indtil den er afsendt. Vi p\u00e5tager os desv\u00e6rre ikke at tage imod returnerede varer p\u00e5 nuv\u00e6rende tidspunkt.<\/p>\n<p>Vores apoteker sendes til dig af vores EU-registrerede postordreapotek. Apotekets adresse er:<br><\/p>\n<p>Apotheek Bad Nieuweschans B.V.<br><span style=\"color: var( --e-global-color-text ); font-family: var( --e-global-typography-text-font-family ), Sans-serif; font-weight: var( --e-global-typography-text-font-weight ); text-align: var(--text-align); font-size: 1rem;\">Verlengde Hoofdstraat 1D<br><\/span><span style=\"color: var( --e-global-color-text ); font-family: var( --e-global-typography-text-font-family ), Sans-serif; font-weight: var( --e-global-typography-text-font-weight ); text-align: var(--text-align); font-size: 1rem;\">NL-9693 AB Bad Nieuweschans<\/span><\/p>\t\t\t\t\t\t<\/div>\n\t\t\t\t<\/div>\n\t\t\t\t\t<\/div>\n\t\t\t\t<\/div>\n\t\t\t\t<\/div>\n\t\t","protected":false},"excerpt":{"rendered":"<p>Levering og returnering af varer Vi leverer din medicin gratis til den \u00f8nskede adresse. Vi leverer efter princippet &#8220;next day delivery&#8221;, hvilket vil sige, at du b\u00f8r modtage din ordre den f\u00f8rstkommende arbejdsdag. Bem\u00e6rk venligst, at dette afh\u00e6nger af tidspunktet for din bestilling. Vi kan kun sikre levering f\u00f8rstkommende hverdag, hvis du har afgivet bestilling [&hellip;]<\/p>\n","protected":false},"author":1,"featured_media":0,"parent":0,"menu_order":0,"comment_status":"closed","ping_status":"closed","template":"","meta":{"_acf_changed":false,"footnotes":""},"acf":[],"yoast_head":"<!-- This site is optimized with the Yoast SEO plugin v22.3 - https:\/\/yoast.com\/wordpress\/plugins\/seo\/ -->\n<title>Levering og returnering - Join Simple<\/title>\n<meta name=\"robots\" content=\"index, follow, max-snippet:-1, max-image-preview:large, max-video-preview:-1\" \/>\n<link rel=\"canonical\" href=\"https:\/\/joinsimple.com\/dk\/delivery-returns\/\" \/>\n<meta property=\"og:locale\" content=\"en_US\" \/>\n<meta property=\"og:type\" content=\"article\" \/>\n<meta property=\"og:title\" content=\"Levering og returnering - Join Simple\" \/>\n<meta property=\"og:description\" content=\"Levering og returnering af varer Vi leverer din medicin gratis til den \u00f8nskede adresse. Vi leverer efter princippet &#8220;next day delivery&#8221;, hvilket vil sige, at du b\u00f8r modtage din ordre den f\u00f8rstkommende arbejdsdag. Bem\u00e6rk venligst, at dette afh\u00e6nger af tidspunktet for din bestilling. Vi kan kun sikre levering f\u00f8rstkommende hverdag, hvis du har afgivet bestilling [&hellip;]\" \/>\n<meta property=\"og:url\" content=\"https:\/\/joinsimple.com\/dk\/delivery-returns\/\" \/>\n<meta property=\"og:site_name\" content=\"Join Simple\" \/>\n<meta property=\"article:modified_time\" content=\"2024-06-18T09:56:12+00:00\" \/>\n<meta name=\"twitter:card\" content=\"summary_large_image\" \/>\n<meta name=\"twitter:label1\" content=\"Est. reading time\" \/>\n\t<meta name=\"twitter:data1\" content=\"1 minute\" \/>\n<script type=\"application\/ld+json\" class=\"yoast-schema-graph\">{\"@context\":\"https:\/\/schema.org\",\"@graph\":[{\"@type\":\"WebPage\",\"@id\":\"https:\/\/joinsimple.com\/dk\/delivery-returns\/\",\"url\":\"https:\/\/joinsimple.com\/dk\/delivery-returns\/\",\"name\":\"Levering og returnering - Join Simple\",\"isPartOf\":{\"@id\":\"https:\/\/joinsimple.com\/dk\/#website\"},\"datePublished\":\"2024-03-26T13:52:16+00:00\",\"dateModified\":\"2024-06-18T09:56:12+00:00\",\"breadcrumb\":{\"@id\":\"https:\/\/joinsimple.com\/dk\/delivery-returns\/#breadcrumb\"},\"inLanguage\":\"en-US\",\"potentialAction\":[{\"@type\":\"ReadAction\",\"target\":[\"https:\/\/joinsimple.com\/dk\/delivery-returns\/\"]}]},{\"@type\":\"BreadcrumbList\",\"@id\":\"https:\/\/joinsimple.com\/dk\/delivery-returns\/#breadcrumb\",\"itemListElement\":[{\"@type\":\"ListItem\",\"position\":1,\"name\":\"Home\",\"item\":\"https:\/\/joinsimple.com\/dk\/\"},{\"@type\":\"ListItem\",\"position\":2,\"name\":\"Levering og returnering\"}]},{\"@type\":\"WebSite\",\"@id\":\"https:\/\/joinsimple.com\/dk\/#website\",\"url\":\"https:\/\/joinsimple.com\/dk\/\",\"name\":\"Join Simple\",\"description\":\"\",\"publisher\":{\"@id\":\"https:\/\/joinsimple.com\/dk\/#organization\"},\"potentialAction\":[{\"@type\":\"SearchAction\",\"target\":{\"@type\":\"EntryPoint\",\"urlTemplate\":\"https:\/\/joinsimple.com\/dk\/?s={search_term_string}\"},\"query-input\":\"required name=search_term_string\"}],\"inLanguage\":\"en-US\"},{\"@type\":\"Organization\",\"@id\":\"https:\/\/joinsimple.com\/dk\/#organization\",\"name\":\"Join Simple\",\"url\":\"https:\/\/joinsimple.com\/dk\/\",\"logo\":{\"@type\":\"ImageObject\",\"inLanguage\":\"en-US\",\"@id\":\"https:\/\/joinsimple.com\/dk\/#\/schema\/logo\/image\/\",\"url\":\"https:\/\/joinsimple.com\/dk\/wp-content\/uploads\/sites\/2\/2024\/03\/web-logo.svg\",\"contentUrl\":\"https:\/\/joinsimple.com\/dk\/wp-content\/uploads\/sites\/2\/2024\/03\/web-logo.svg\",\"width\":129,\"height\":30,\"caption\":\"Join Simple\"},\"image\":{\"@id\":\"https:\/\/joinsimple.com\/dk\/#\/schema\/logo\/image\/\"}}]}<\/script>\n<!-- \/ Yoast SEO plugin. -->","yoast_head_json":{"title":"Levering og returnering - Join Simple","robots":{"index":"index","follow":"follow","max-snippet":"max-snippet:-1","max-image-preview":"max-image-preview:large","max-video-preview":"max-video-preview:-1"},"canonical":"https:\/\/joinsimple.com\/dk\/delivery-returns\/","og_locale":"en_US","og_type":"article","og_title":"Levering og returnering - Join Simple","og_description":"Levering og returnering af varer Vi leverer din medicin gratis til den \u00f8nskede adresse. Vi leverer efter princippet &#8220;next day delivery&#8221;, hvilket vil sige, at du b\u00f8r modtage din ordre den f\u00f8rstkommende arbejdsdag. Bem\u00e6rk venligst, at dette afh\u00e6nger af tidspunktet for din bestilling. Vi kan kun sikre levering f\u00f8rstkommende hverdag, hvis du har afgivet bestilling [&hellip;]","og_url":"https:\/\/joinsimple.com\/dk\/delivery-returns\/","og_site_name":"Join Simple","article_modified_time":"2024-06-18T09:56:12+00:00","twitter_card":"summary_large_image","twitter_misc":{"Est. reading time":"1 minute"},"schema":{"@context":"https:\/\/schema.org","@graph":[{"@type":"WebPage","@id":"https:\/\/joinsimple.com\/dk\/delivery-returns\/","url":"https:\/\/joinsimple.com\/dk\/delivery-returns\/","name":"Levering og returnering - Join Simple","isPartOf":{"@id":"https:\/\/joinsimple.com\/dk\/#website"},"datePublished":"2024-03-26T13:52:16+00:00","dateModified":"2024-06-18T09:56:12+00:00","breadcrumb":{"@id":"https:\/\/joinsimple.com\/dk\/delivery-returns\/#breadcrumb"},"inLanguage":"en-US","potentialAction":[{"@type":"ReadAction","target":["https:\/\/joinsimple.com\/dk\/delivery-returns\/"]}]},{"@type":"BreadcrumbList","@id":"https:\/\/joinsimple.com\/dk\/delivery-returns\/#breadcrumb","itemListElement":[{"@type":"ListItem","position":1,"name":"Home","item":"https:\/\/joinsimple.com\/dk\/"},{"@type":"ListItem","position":2,"name":"Levering og returnering"}]},{"@type":"WebSite","@id":"https:\/\/joinsimple.com\/dk\/#website","url":"https:\/\/joinsimple.com\/dk\/","name":"Join Simple","description":"","publisher":{"@id":"https:\/\/joinsimple.com\/dk\/#organization"},"potentialAction":[{"@type":"SearchAction","target":{"@type":"EntryPoint","urlTemplate":"https:\/\/joinsimple.com\/dk\/?s={search_term_string}"},"query-input":"required name=search_term_string"}],"inLanguage":"en-US"},{"@type":"Organization","@id":"https:\/\/joinsimple.com\/dk\/#organization","name":"Join Simple","url":"https:\/\/joinsimple.com\/dk\/","logo":{"@type":"ImageObject","inLanguage":"en-US","@id":"https:\/\/joinsimple.com\/dk\/#\/schema\/logo\/image\/","url":"https:\/\/joinsimple.com\/dk\/wp-content\/uploads\/sites\/2\/2024\/03\/web-logo.svg","contentUrl":"https:\/\/joinsimple.com\/dk\/wp-content\/uploads\/sites\/2\/2024\/03\/web-logo.svg","width":129,"height":30,"caption":"Join Simple"},"image":{"@id":"https:\/\/joinsimple.com\/dk\/#\/schema\/logo\/image\/"}}]}},"_links":{"self":[{"href":"https:\/\/joinsimple.com\/dk\/wp-json\/wp\/v2\/pages\/263"}],"collection":[{"href":"https:\/\/joinsimple.com\/dk\/wp-json\/wp\/v2\/pages"}],"about":[{"href":"https:\/\/joinsimple.com\/dk\/wp-json\/wp\/v2\/types\/page"}],"author":[{"embeddable":true,"href":"https:\/\/joinsimple.com\/dk\/wp-json\/wp\/v2\/users\/1"}],"replies":[{"embeddable":true,"href":"https:\/\/joinsimple.com\/dk\/wp-json\/wp\/v2\/comments?post=263"}],"version-history":[{"count":29,"href":"https:\/\/joinsimple.com\/dk\/wp-json\/wp\/v2\/pages\/263\/revisions"}],"predecessor-version":[{"id":3739,"href":"https:\/\/joinsimple.com\/dk\/wp-json\/wp\/v2\/pages\/263\/revisions\/3739"}],"wp:attachment":[{"href":"https:\/\/joinsimple.com\/dk\/wp-json\/wp\/v2\/media?parent=263"}],"curies":[{"name":"wp","href":"https:\/\/api.w.org\/{rel}","templated":true}]}}