{"id":273,"date":"2024-03-26T14:08:05","date_gmt":"2024-03-26T14:08:05","guid":{"rendered":"https:\/\/joinsimple.com\/dk\/?page_id=273"},"modified":"2024-05-03T09:28:30","modified_gmt":"2024-05-03T09:28:30","slug":"privacy","status":"publish","type":"page","link":"https:\/\/joinsimple.com\/dk\/privacy\/","title":{"rendered":"Privatlivspolitik"},"content":{"rendered":"\t\t<div data-elementor-type=\"wp-page\" data-elementor-id=\"273\" class=\"elementor elementor-273\" data-elementor-post-type=\"page\">\n\t\t\t\t<div class=\"elementor-element elementor-element-6ef589d e-flex e-con-boxed e-con e-parent\" data-id=\"6ef589d\" data-element_type=\"container\" data-core-v316-plus=\"true\">\n\t\t\t\t\t<div class=\"e-con-inner\">\n\t\t\t\t<div class=\"elementor-element elementor-element-c57011f elementor-widget elementor-widget-heading\" data-id=\"c57011f\" data-element_type=\"widget\" data-widget_type=\"heading.default\">\n\t\t\t\t<div class=\"elementor-widget-container\">\n\t\t\t<style>\/*! elementor - v3.20.0 - 20-03-2024 *\/\n.elementor-heading-title{padding:0;margin:0;line-height:1}.elementor-widget-heading .elementor-heading-title[class*=elementor-size-]>a{color:inherit;font-size:inherit;line-height:inherit}.elementor-widget-heading .elementor-heading-title.elementor-size-small{font-size:15px}.elementor-widget-heading .elementor-heading-title.elementor-size-medium{font-size:19px}.elementor-widget-heading .elementor-heading-title.elementor-size-large{font-size:29px}.elementor-widget-heading .elementor-heading-title.elementor-size-xl{font-size:39px}.elementor-widget-heading .elementor-heading-title.elementor-size-xxl{font-size:59px}<\/style><h2 class=\"elementor-heading-title elementor-size-default\">Privatlivspolitik\n\n<\/h2>\t\t<\/div>\n\t\t\t\t<\/div>\n\t\t\t\t\t<\/div>\n\t\t\t\t<\/div>\n\t\t<div class=\"elementor-element elementor-element-f0250ea e-flex e-con-boxed e-con e-parent\" data-id=\"f0250ea\" data-element_type=\"container\" data-core-v316-plus=\"true\">\n\t\t\t\t\t<div class=\"e-con-inner\">\n\t\t\t\t<div class=\"elementor-element elementor-element-6a32663 elementor-widget elementor-widget-text-editor\" data-id=\"6a32663\" data-element_type=\"widget\" data-widget_type=\"text-editor.default\">\n\t\t\t\t<div class=\"elementor-widget-container\">\n\t\t\t<style>\/*! elementor - v3.20.0 - 20-03-2024 *\/\n.elementor-widget-text-editor.elementor-drop-cap-view-stacked .elementor-drop-cap{background-color:#69727d;color:#fff}.elementor-widget-text-editor.elementor-drop-cap-view-framed .elementor-drop-cap{color:#69727d;border:3px solid;background-color:transparent}.elementor-widget-text-editor:not(.elementor-drop-cap-view-default) .elementor-drop-cap{margin-top:8px}.elementor-widget-text-editor:not(.elementor-drop-cap-view-default) .elementor-drop-cap-letter{width:1em;height:1em}.elementor-widget-text-editor .elementor-drop-cap{float:left;text-align:center;line-height:1;font-size:50px}.elementor-widget-text-editor .elementor-drop-cap-letter{display:inline-block}<\/style>\t\t\t\t<p><span style=\"color: var( --e-global-color-text );font-family: var( --e-global-typography-text-font-family ), Sans-serif;font-weight: var( --e-global-typography-text-font-weight );text-align: var(--text-align);font-size: 1rem\">Hos Simple s\u00e6tter vi kundernes sikkerhed og privatliv i h\u00f8js\u00e6det. Nedenfor finder du en oversigt over vores privatlivspolitik. Hvis du har flere sp\u00f8rgsm\u00e5l, er du velkommen til at kontakte vores kundeservice. De personlige og personhenf\u00f8rbare oplysninger, som du udleverer til os, vil blive behandlet sikkert og fortroligt, i overensstemmelse med vores privatlivspolitik.<\/span><\/p>\n<p>Vi har implementeret en lang r\u00e6kke tekniske og sikkerhedsm\u00e6ssige foranstaltninger, herunder kryptering af data i overensstemmelse med g\u00e6ldende branchestandarder, for at beskytte dine personlige oplysninger mod uautoriseret eller ulovlig behandling.<\/p>\n<p>1. Hvilke personlige oplysninger indsamler vi?<\/p>\n<p>Personlige oplysninger omfatter alle persondata, der kan bruges til direkte eller indirekte at identificere en person, herunder oplysninger som navn, adresse og f\u00f8dselsdato.<\/p>\n<p>N\u00e5r du bes\u00f8ger vores hjemmeside, kan vi indsamle de personlige oplysninger, der kr\u00e6ves for at oprette din konto. Det g\u00f8r vi med henblik p\u00e5 at kunne fakturere, levere varer og tage os af dine varer og foresp\u00f8rgsler. Vi gemmer kun dine personlige oplysninger, s\u00e5 l\u00e6nge det er n\u00f8dvendigt, og for at kunne behandle din ordre, eventuelle refusioner, svare p\u00e5 klager\/feedback eller levere de salgsfremmende materialer, du abonnerer p\u00e5.<\/p>\n<p>Vi indsamler og behandler dine personlige oplysninger i forbindelse med at:&nbsp;<\/p>\n<p>Vi opretter dig for at \u00e5bne en konto.<br>Du udfylder et sp\u00f8rgeskema online.<br>Du indberetter et problem med hjemmesiden eller din ordre.<br>Du kontakter vores kundesupportteam.<br>Du skriver en anmeldelse af vores tjeneste.<\/p>\n<p>Disse personlige oplysninger bruges kun til at:<\/p>\n<p>G\u00f8re det muligt for os at levere denne sundhedshj\u00e6lp til dig.<br>Hj\u00e6lpe os med at overv\u00e5ge og forbedre vores tjeneste, produktsortiment og vores hjemmeside. Det omfatter endvidere alle foresp\u00f8rgsler p\u00e5 e-mail om at vurdere vores tjeneste.<br>Opfylde juridisk r\u00e5dgivning ved overholdelse af persondatasikkerhed og forebygge svindel.<\/p>\n<p>Vores analysesoftware hj\u00e6lper os med at levere den bedste tjeneste til alle brugere af hjemmesiden. Denne software kan ogs\u00e5 behandle oplysninger om:<\/p>\n<p>De hjemmesider du bes\u00f8ger, b\u00e5de f\u00f8r og efter dit bes\u00f8g p\u00e5 vores hjemmeside, herunder ogs\u00e5 oplysninger om dato og klokkesl\u00e6t.<br>Tjenester, du har s\u00f8gt efter dit bes\u00f8g.<br>De sider, du har bes\u00f8gt p\u00e5 vores hjemmeside.<br>De enheder og operativsystemer, du brugte til at f\u00e5 adgang til vores hjemmeside.<br>Din aktuelle placering.<\/p>\n<p>Vi har normalt ikke adgang til dine bankoplysninger, som bliver videresendt direkte til vores betalingstjenesteudbydere, der behandler dem p\u00e5 vores vegne.&nbsp;<\/p>\n<p>Vi bruger cookies til at forbedre vores tjeneste. Cookies er informationer, der gemmes p\u00e5 din computer eller enhed. De bruges til at gemme nyttige oplysninger, herunder f.eks. hvad der er i din indk\u00f8bskurv, mens du surfer, eller om du er logget ind p\u00e5 hjemmesiden eller ej. Disse cookies gemmer ikke nogen personlige oplysninger. Du kan finde flere oplysninger i vores cookie-erkl\u00e6ring.<\/p>\n<p>Hvis du opretter dig hos os, har du mulighed for at abonnere p\u00e5 nyhedsbreve om fremtidige kampagner og specialtilbud. Du kan til enhver tid afmelde dig ved at sende en e-mail til help@joinsimple.com.<\/p>\n<p>Ved at give accept til at vi behandler dine data, accepterer du samtidig de risici, der er forbundet med brug af internettet, og at vi ikke kan holdes ansvarlige for et tab af dine personlige data, medmindre vi har overtr\u00e5dt de forpligtelser, der fremg\u00e5r af persondataforordningen.&nbsp;<\/p>\n<p>2. Tredjeparter<\/p>\n<p>Vi deler nogle af dine personlige oplysninger med udvalgte tredjeparter, de leveringstjenester, vi samarbejder med. Det g\u00f8r vi for at:&nbsp;&nbsp;<\/p>\n<p>De kan levere din medicin.<br>Vi kan holde dig informeret om din ordre via e-mail og\/eller SMS.<br>Muligg\u00f8re en analyse af testkits.<br>Behandle betalinger.<br>Gennemf\u00f8re kundeunders\u00f8gelser vedr. vores tjeneste.<\/p>\n<p>Vi k\u00e6rer os om dit privatliv og kunne aldrig nogensinde finde p\u00e5 at s\u00e6lge dine personlige oplysninger til tredjepart.<\/p>\n<p>Denne hjemmeside indeholder links til andre hjemmesider, som har deres egen privatlivspolitik. Vi er ikke ansvarlige for privatlivspolitikken p\u00e5 disse hjemmesider.<\/p>\n<p>3. S\u00e5dan bruger vi dine personlige oplysninger:<\/p>\n<p>Vi bruger dine personlige data til at:<\/p>\n<p>G\u00f8re det muligt at levere tjenesten til dig<br>Hj\u00e6lpe os med at overv\u00e5ge og forbedre vores tjeneste, produktsortimentet og hjemmeside. Dette omfatter alle foresp\u00f8rgsler om at vurdere vores tjeneste via e-mail.<br>Overholde juridiske krav og myndighedskrav, herunder forebygge svindel.<\/p>\n<p>Vi bruger dine personlige oplysninger til at levere denne sundhedstjeneste og til at:&nbsp;<\/p>\n<p>Evaluere det sp\u00f8rgeskema, du udfylder, s\u00e5 vores l\u00e6ge kan vurdere om du kan f\u00e5 den \u00f8nskede medicin. Finde den medicin, der er velegnet til dig, p\u00e5 baggrund af det sp\u00f8rgeskema, du har udfyldt.<br>Give dig den relevante medicin\/behandling og informere dig om testresultaterne, hvis det er n\u00f8dvendigt.<br>Bekr\u00e6fte din identitet og r\u00e5dgive dig, n\u00e5r du kontakter vores kundeserviceteam.<\/p>\n<p>Til at overv\u00e5ge og forbedre vores tjeneste, vores produktsortiment og hjemmeside.<\/p>\n<p>Til at vurdere dine interesser og tilpasse vores tjeneste i overensstemmelse hermed. Det omfatter alle foresp\u00f8rgsler vedr. vurdering af vores tjeneste via e-mail.<br>Til at tilpasse vores hjemmeside til din computer, browser, internethastighed osv., s\u00e5 det bliver lettere for dig at bruge vores hjemmeside.<br>Til at forbedre vores produktsortiment.<\/p>\n<p>Juridiske krav til behandling og opbevaring af dine personlige data:<\/p>\n<p>Vi bruger dine data i overensstemmelse med alle juridiske, officielle og lovgivningsm\u00e6ssige krav:<\/p>\n<p>Til at opdage, overv\u00e5ge og forhindre svindel.<br>Til at overholde love, regler og foresp\u00f8rgsler fra juridiske institutioner eller myndigheder, s\u00e5som retsh\u00e5ndh\u00e6vende myndigheder, herunder politiet.<br>Vi kan i visse tilf\u00e6lde v\u00e6re forpligtet til ved lov til at videregive dine oplysninger til offentlige myndigheder, retsh\u00e5ndh\u00e6vende myndigheder og myndigheder, der tager sig af forebyggelse af \u00f8konomisk svindel.<\/p>\n<p>Vi videregiver kun dine personlige data, hvis vi er forpligtet til det rent lovgivningsm\u00e6ssigt, og hvis videregivelsen af dine data er n\u00f8dvendig if\u00f8lge den p\u00e5g\u00e6ldende myndighed, og i \u00f8vrigt overholder de internationale anerkendte standarder.<\/p>\n<p>Eksempler p\u00e5 lovkrav, der g\u00f8r det n\u00f8dvendigt at dele dine personlige oplysninger, inkluderer:<\/p>\n<p>Hvis vi k\u00f8ber eller s\u00e6lger denne virksomhed eller visse dele af tjenesten.&nbsp;<br>Hvis der foreligger en retskendelse eller anden juridisk forpligtelse til at videregive dine persondata.<br>Hvis der er grund til at tro, at dine data er brugt i forbindelse med \u00f8konomisk svindel.<\/p>\n<p>4. Lagring og opbevaring af data.<\/p>\n<p>Vi har licens hos Information Commissioners Office (ICO) og har registreringsnummeret ZA298635.<\/p>\n<p>Alle de personlige data, du videregiver til os, bliver opbevaret fuldkommen sikkert i en privat database.<\/p>\n<p>Denne database og vores hjemmeside ligger p\u00e5 Amazon AWS, som er ISO 27001-certificeret.<\/p>\n<p>Det er derfor kun vores autoriserede l\u00e6ger, apoteksteamet og nogle f\u00e5 medarbejdere, der har adgang til denne database. Alle medarbejderne er underlagt en s\u00e6rlig fortrolighedspolitik.<\/p>\n<p>Vi overf\u00f8rer ikke dine personlige data til nogen uden for Det Europ\u00e6iske \u00d8konomiske Samarbejdsomr\u00e5de (&#8220;E\u00d8S&#8221;), medmindre du befinder dig uden for E\u00d8S. I det tilf\u00e6lde kan vi v\u00e6re n\u00f8dt til at overf\u00f8re dine personlige data for at kunne levere varer til dig, behandle betalinger\/refusioner eller sende dig de salgsfremmende materialer, som du har abonneret p\u00e5.<\/p>\n<p>Vi gemmer kun dine personlige oplysninger i det omfang, det er n\u00f8dvendigt for at kunne behandle din ordre, behandle refusioner, svare p\u00e5 klager\/feedback eller levere det salgsfremmende materiale, du har abonneret p\u00e5.<\/p>\n<p>Hvis du v\u00e6lger at slette din konto, vil alle dine personlige oplysninger blive slettet efter 30 dage, medmindre vi er forpligtet ved lov til at dele dine personlige data (se afsnit 4.4).<\/p>\n<p>5. PCI-overholdelse<\/p>\n<p>www.joinsimple.com\/dk overholder Payment Card Industry Data Security Standards (PCI DSS) og underg\u00e5r regelm\u00e6ssig overv\u00e5gning for at forebygge eventuelle s\u00e5rbarheder p\u00e5 servere, og for at sikre, at vores sikkerhedssystemer altid er fuldt opdaterede og overholder alle standarder inden for branchen.<\/p>\n<p>Simple overholder databeskyttelsesloven og er helt med p\u00e5, at sikkerhed er altafg\u00f8rende for vores kunder, n\u00e5r de foretager onlinebetalinger. Vi bestr\u00e6ber os p\u00e5 at sikre, at vores kunders kreditkortoplysninger opbevares forsvarligt. Vores kunder stoler p\u00e5, at vi passer godt p\u00e5 deres personlige oplysninger, og vi s\u00e6tter en \u00e6re i at overholde alle PCI-sikkerhedsstandarder.<\/p>\n<p>6. Hvad er PCI-sikkerhedsstandarder?<\/p>\n<p>Payment Card Industry Data Security Standard (PCI DSS) er et s\u00e6rligt s\u00e6t krav, der er designet til at sikre, at ALLE virksomheder, der behandler, opbevarer eller overf\u00f8rer kreditkortoplysninger, opretholder en forsvarlig standard. PCI DSS administreres af PCI Security Standards Council PCI SSC, som er et uafh\u00e6ngigt organ, der er oprettet af de st\u00f8rste betalingskortm\u00e6rker (Visa, MasterCard, American Express, Discover og JCB). Der foreligger en kopi af denne PCI DSS her p\u00e5 hjemmesiden.<\/p>\n<p>Alt, hvad du b\u00f8r vide om PCI-sikkerhedsstandarder:<\/p>\n<p>Payment Card Industry Data Security Standard (PCI DSS) er et s\u00e6t krav, der er designet til at sikre, at ALLE virksomheder, der behandler, opbevarer eller overf\u00f8rer kreditkortoplysninger, opretholder en sikker standard. Kortholderdata er personlige data om en kortholder og kan omfatte kontonummer, udl\u00f8bsdato, navn, adresse, personnummer osv. Kortholderdata omfatter ogs\u00e5 alle kortholderens personlige oplysninger, der gemmes, behandles eller overf\u00f8res.<\/p>\n<p>Vi har udviklet Simple, s\u00e5 den opfylder alle krav vedr. PCI og er underlagt kvartalsvise revisioner. Det sikrer, at vores sikkerhedssystemer er sikre og kompatible, og at du trygt kan foretage betalinger p\u00e5 vores hjemmeside.<\/p>\n<p>7. Patientrettigheder<\/p>\n<p>Du har ret til at \u00e6ndre i dine personlige oplysninger, hvis du opdager, at der er blevet skrevet noget forkert. Du kan \u00e6ndre i de fleste af dine oplysninger ved at logge ind p\u00e5 din konto. S\u00e5fremt, der er data, der ikke er tilg\u00e6ngelige via din konto, og du \u00f8nsker at \u00e6ndre dem, beder vi dig venligst om at kontakte vores kundeservice.<\/p>\n<p>Du har ret til at anmode om at f\u00e5 slettet dine personlige data, medmindre de er p\u00e5kr\u00e6vede af juridiske \u00e5rsager.<\/p>\n<p>Vi er forpligtet til at gemme dine helbredsoplysninger og din identitet p\u00e5 ubestemt tid for at kunne beskytte dine sundhedsinteresser, hvis der skulle opst\u00e5 en situation med tvivlstilf\u00e6lde.<\/p>\n<p>Du kan til enhver tid anmode om at f\u00e5 adgang til dine personlige oplysninger ved at kontakte vores kundeservice.<\/p>\n<p>For at beskytte dine oplysninger mod svindel skal du indsende to former for identifikation samt en skriftlig anmodning, f\u00f8r vi kan give dig indsigt i din journal.<\/p>\n<p>Vi r\u00e5der dig til at bruge en unik, sikker adgangskode (p\u00e5 mindst 8 tegn, med store og sm\u00e5 bogstaver, tal og symboler) til vores hjemmeside. Vi anbefaler, at du ikke deler denne adgangskode med andre.<\/p>\n<p>Hvis du har mistanke om et brud p\u00e5 datasikkerheden, f.eks. et uautoriseret login p\u00e5 din konto, beder vi dig om \u00f8jeblikkeligt at kontakte vores databeskyttelsesansvarlige p\u00e5 +49 201 5657 9087.<\/p>\n<p>8. Hvordan er dine rettigheder i forhold til reglerne i GDPR?<\/p>\n<p>I henhold til GDPR (General Data Protection Regulation) har du ret til at f\u00e5 adgang til, \u00e6ndre i og slette dine personlige data.<\/p>\n<p>Du har ogs\u00e5 ret til at begr\u00e6nse brugen af dine personlige oplysninger. Dette omfatter bl.a.:<\/p>\n<p>&#8211; Direkte markedsf\u00f8ring<\/p>\n<p>&#8211; Brug af dine personlige data i offentlighedens interesse, f.eks. til klinisk gennemgang af din journal.<\/p>\n<p>9. S\u00e5dan informerer vi dig om eventuelle \u00e6ndringer i privatlivspolitikken:<\/p>\n<p>Alle de \u00e6ndringer, vi foretager i vores privatlivspolitik i fremtiden, vil blive offentliggjort p\u00e5 denne side, og vi vil fremsende en e-mail om eventuelle st\u00f8rre \u00e6ndringer. Hvis vi foretager \u00e6ndringer i den m\u00e5de, vi behandler dine personlige data p\u00e5, vil vi i f\u00f8rste omgang bede om dit samtykke via e-mail, medmindre du har fravalgt e-mailnotifikationer. Hvis det er tilf\u00e6ldet, beder vi dig om at tjekke denne side for opdateringer.<\/p>\n<p>10. S\u00e5dan kontakter du os for at f\u00e5 yderligere oplysninger:<\/p>\n<p>Hvis du har yderligere sp\u00f8rgsm\u00e5l eller kommentarer til brugen af dine personlige oplysninger eller til denne fortrolighedspolitik, kan du kontakte vores databeskyttelsesansvarlige via e-mail p\u00e5 help@joinsimple.com.<\/p>\n<p>Hvis du ikke er tilfreds med vores svar, eller \u00f8nsker at klage, kan du ogs\u00e5 kontakte ICO (Information Commissioner&#8217;s Officer). Vores ICO-registreringsnummer er ZA298635.<\/p>\n<p>Tak, fordi du tog dig tid til at l\u00e6se Simples privatlivspolitik igennem.<\/p>\t\t\t\t\t\t<\/div>\n\t\t\t\t<\/div>\n\t\t\t\t\t<\/div>\n\t\t\t\t<\/div>\n\t\t\t\t<\/div>\n\t\t","protected":false},"excerpt":{"rendered":"<p>Privatlivspolitik Hos Simple s\u00e6tter vi kundernes sikkerhed og privatliv i h\u00f8js\u00e6det. Nedenfor finder du en oversigt over vores privatlivspolitik. Hvis du har flere sp\u00f8rgsm\u00e5l, er du velkommen til at kontakte vores kundeservice. De personlige og personhenf\u00f8rbare oplysninger, som du udleverer til os, vil blive behandlet sikkert og fortroligt, i overensstemmelse med vores privatlivspolitik. Vi har [&hellip;]<\/p>\n","protected":false},"author":1,"featured_media":0,"parent":0,"menu_order":0,"comment_status":"closed","ping_status":"closed","template":"","meta":{"_acf_changed":false,"footnotes":""},"acf":[],"yoast_head":"<!-- This site is optimized with the Yoast SEO plugin v22.3 - https:\/\/yoast.com\/wordpress\/plugins\/seo\/ -->\n<title>Privatlivspolitik - Join Simple<\/title>\n<meta name=\"robots\" content=\"index, follow, max-snippet:-1, max-image-preview:large, max-video-preview:-1\" \/>\n<link rel=\"canonical\" href=\"https:\/\/joinsimple.com\/dk\/privacy\/\" \/>\n<meta property=\"og:locale\" content=\"en_US\" \/>\n<meta property=\"og:type\" content=\"article\" \/>\n<meta property=\"og:title\" content=\"Privatlivspolitik - Join Simple\" \/>\n<meta property=\"og:description\" content=\"Privatlivspolitik Hos Simple s\u00e6tter vi kundernes sikkerhed og privatliv i h\u00f8js\u00e6det. Nedenfor finder du en oversigt over vores privatlivspolitik. Hvis du har flere sp\u00f8rgsm\u00e5l, er du velkommen til at kontakte vores kundeservice. De personlige og personhenf\u00f8rbare oplysninger, som du udleverer til os, vil blive behandlet sikkert og fortroligt, i overensstemmelse med vores privatlivspolitik. Vi har [&hellip;]\" \/>\n<meta property=\"og:url\" content=\"https:\/\/joinsimple.com\/dk\/privacy\/\" \/>\n<meta property=\"og:site_name\" content=\"Join Simple\" \/>\n<meta property=\"article:modified_time\" content=\"2024-05-03T09:28:30+00:00\" \/>\n<meta name=\"twitter:card\" content=\"summary_large_image\" \/>\n<meta name=\"twitter:label1\" content=\"Est. reading time\" \/>\n\t<meta name=\"twitter:data1\" content=\"9 minutes\" \/>\n<script type=\"application\/ld+json\" class=\"yoast-schema-graph\">{\"@context\":\"https:\/\/schema.org\",\"@graph\":[{\"@type\":\"WebPage\",\"@id\":\"https:\/\/joinsimple.com\/dk\/privacy\/\",\"url\":\"https:\/\/joinsimple.com\/dk\/privacy\/\",\"name\":\"Privatlivspolitik - Join Simple\",\"isPartOf\":{\"@id\":\"https:\/\/joinsimple.com\/dk\/#website\"},\"datePublished\":\"2024-03-26T14:08:05+00:00\",\"dateModified\":\"2024-05-03T09:28:30+00:00\",\"breadcrumb\":{\"@id\":\"https:\/\/joinsimple.com\/dk\/privacy\/#breadcrumb\"},\"inLanguage\":\"en-US\",\"potentialAction\":[{\"@type\":\"ReadAction\",\"target\":[\"https:\/\/joinsimple.com\/dk\/privacy\/\"]}]},{\"@type\":\"BreadcrumbList\",\"@id\":\"https:\/\/joinsimple.com\/dk\/privacy\/#breadcrumb\",\"itemListElement\":[{\"@type\":\"ListItem\",\"position\":1,\"name\":\"Home\",\"item\":\"https:\/\/joinsimple.com\/dk\/\"},{\"@type\":\"ListItem\",\"position\":2,\"name\":\"Privatlivspolitik\"}]},{\"@type\":\"WebSite\",\"@id\":\"https:\/\/joinsimple.com\/dk\/#website\",\"url\":\"https:\/\/joinsimple.com\/dk\/\",\"name\":\"Join Simple\",\"description\":\"\",\"publisher\":{\"@id\":\"https:\/\/joinsimple.com\/dk\/#organization\"},\"potentialAction\":[{\"@type\":\"SearchAction\",\"target\":{\"@type\":\"EntryPoint\",\"urlTemplate\":\"https:\/\/joinsimple.com\/dk\/?s={search_term_string}\"},\"query-input\":\"required name=search_term_string\"}],\"inLanguage\":\"en-US\"},{\"@type\":\"Organization\",\"@id\":\"https:\/\/joinsimple.com\/dk\/#organization\",\"name\":\"Join Simple\",\"url\":\"https:\/\/joinsimple.com\/dk\/\",\"logo\":{\"@type\":\"ImageObject\",\"inLanguage\":\"en-US\",\"@id\":\"https:\/\/joinsimple.com\/dk\/#\/schema\/logo\/image\/\",\"url\":\"https:\/\/joinsimple.com\/dk\/wp-content\/uploads\/sites\/2\/2024\/03\/web-logo.svg\",\"contentUrl\":\"https:\/\/joinsimple.com\/dk\/wp-content\/uploads\/sites\/2\/2024\/03\/web-logo.svg\",\"width\":129,\"height\":30,\"caption\":\"Join Simple\"},\"image\":{\"@id\":\"https:\/\/joinsimple.com\/dk\/#\/schema\/logo\/image\/\"}}]}<\/script>\n<!-- \/ Yoast SEO plugin. -->","yoast_head_json":{"title":"Privatlivspolitik - Join Simple","robots":{"index":"index","follow":"follow","max-snippet":"max-snippet:-1","max-image-preview":"max-image-preview:large","max-video-preview":"max-video-preview:-1"},"canonical":"https:\/\/joinsimple.com\/dk\/privacy\/","og_locale":"en_US","og_type":"article","og_title":"Privatlivspolitik - Join Simple","og_description":"Privatlivspolitik Hos Simple s\u00e6tter vi kundernes sikkerhed og privatliv i h\u00f8js\u00e6det. Nedenfor finder du en oversigt over vores privatlivspolitik. Hvis du har flere sp\u00f8rgsm\u00e5l, er du velkommen til at kontakte vores kundeservice. De personlige og personhenf\u00f8rbare oplysninger, som du udleverer til os, vil blive behandlet sikkert og fortroligt, i overensstemmelse med vores privatlivspolitik. Vi har [&hellip;]","og_url":"https:\/\/joinsimple.com\/dk\/privacy\/","og_site_name":"Join Simple","article_modified_time":"2024-05-03T09:28:30+00:00","twitter_card":"summary_large_image","twitter_misc":{"Est. reading time":"9 minutes"},"schema":{"@context":"https:\/\/schema.org","@graph":[{"@type":"WebPage","@id":"https:\/\/joinsimple.com\/dk\/privacy\/","url":"https:\/\/joinsimple.com\/dk\/privacy\/","name":"Privatlivspolitik - Join Simple","isPartOf":{"@id":"https:\/\/joinsimple.com\/dk\/#website"},"datePublished":"2024-03-26T14:08:05+00:00","dateModified":"2024-05-03T09:28:30+00:00","breadcrumb":{"@id":"https:\/\/joinsimple.com\/dk\/privacy\/#breadcrumb"},"inLanguage":"en-US","potentialAction":[{"@type":"ReadAction","target":["https:\/\/joinsimple.com\/dk\/privacy\/"]}]},{"@type":"BreadcrumbList","@id":"https:\/\/joinsimple.com\/dk\/privacy\/#breadcrumb","itemListElement":[{"@type":"ListItem","position":1,"name":"Home","item":"https:\/\/joinsimple.com\/dk\/"},{"@type":"ListItem","position":2,"name":"Privatlivspolitik"}]},{"@type":"WebSite","@id":"https:\/\/joinsimple.com\/dk\/#website","url":"https:\/\/joinsimple.com\/dk\/","name":"Join Simple","description":"","publisher":{"@id":"https:\/\/joinsimple.com\/dk\/#organization"},"potentialAction":[{"@type":"SearchAction","target":{"@type":"EntryPoint","urlTemplate":"https:\/\/joinsimple.com\/dk\/?s={search_term_string}"},"query-input":"required name=search_term_string"}],"inLanguage":"en-US"},{"@type":"Organization","@id":"https:\/\/joinsimple.com\/dk\/#organization","name":"Join Simple","url":"https:\/\/joinsimple.com\/dk\/","logo":{"@type":"ImageObject","inLanguage":"en-US","@id":"https:\/\/joinsimple.com\/dk\/#\/schema\/logo\/image\/","url":"https:\/\/joinsimple.com\/dk\/wp-content\/uploads\/sites\/2\/2024\/03\/web-logo.svg","contentUrl":"https:\/\/joinsimple.com\/dk\/wp-content\/uploads\/sites\/2\/2024\/03\/web-logo.svg","width":129,"height":30,"caption":"Join Simple"},"image":{"@id":"https:\/\/joinsimple.com\/dk\/#\/schema\/logo\/image\/"}}]}},"_links":{"self":[{"href":"https:\/\/joinsimple.com\/dk\/wp-json\/wp\/v2\/pages\/273"}],"collection":[{"href":"https:\/\/joinsimple.com\/dk\/wp-json\/wp\/v2\/pages"}],"about":[{"href":"https:\/\/joinsimple.com\/dk\/wp-json\/wp\/v2\/types\/page"}],"author":[{"embeddable":true,"href":"https:\/\/joinsimple.com\/dk\/wp-json\/wp\/v2\/users\/1"}],"replies":[{"embeddable":true,"href":"https:\/\/joinsimple.com\/dk\/wp-json\/wp\/v2\/comments?post=273"}],"version-history":[{"count":131,"href":"https:\/\/joinsimple.com\/dk\/wp-json\/wp\/v2\/pages\/273\/revisions"}],"predecessor-version":[{"id":3687,"href":"https:\/\/joinsimple.com\/dk\/wp-json\/wp\/v2\/pages\/273\/revisions\/3687"}],"wp:attachment":[{"href":"https:\/\/joinsimple.com\/dk\/wp-json\/wp\/v2\/media?parent=273"}],"curies":[{"name":"wp","href":"https:\/\/api.w.org\/{rel}","templated":true}]}}