{"id":414,"date":"2024-03-27T10:16:49","date_gmt":"2024-03-27T10:16:49","guid":{"rendered":"https:\/\/joinsimple.com\/dk\/?page_id=414"},"modified":"2024-04-03T11:54:32","modified_gmt":"2024-04-03T11:54:32","slug":"elementor-414","status":"publish","type":"page","link":"https:\/\/joinsimple.com\/dk\/elementor-414\/","title":{"rendered":"Elementor #414"},"content":{"rendered":"\t\t<div data-elementor-type=\"wp-page\" data-elementor-id=\"414\" class=\"elementor elementor-414\" data-elementor-post-type=\"page\">\n\t\t\t\t<div class=\"elementor-element elementor-element-7b70118 e-con-full e-flex e-con e-parent\" data-id=\"7b70118\" data-element_type=\"container\" data-core-v316-plus=\"true\">\n\t\t\t\t<div class=\"elementor-element elementor-element-873495b elementor-widget elementor-widget-global elementor-global-789 elementor-widget-shortcode\" data-id=\"873495b\" data-element_type=\"widget\" data-widget_type=\"shortcode.default\">\n\t\t\t\t<div class=\"elementor-widget-container\">\n\t\t\t\t\t<div class=\"elementor-shortcode\">\n    <main>\n        <div class=\"author_section1\">\n            <div id=\"content\" class=\"site-main\">\n                <div class=\"authinner_wrapper\">\n                    <h2>Forfatter<\/h2>\n                     <img decoding=\"async\" src=\"\" alt=\"\">\n                      <div class=\"authImg_cont\">\n                                                      <h3>hywel<\/h3>\n                                                 <h5> Clinical Pharmacist<\/h5>\n                             <h6>  Klinisk farmaceut<\/h6>\n                        <\/div>\n                                                 <p>Hywel startede hos Simple i 2020. Han er ansvarlig for at hj\u00e6lpe med at gennemg\u00e5 og forfatte n\u00f8jagtigt indhold p\u00e5 siden. Han arbejder sammen med vores praktiserende l\u00e6ger for at sikre, at alle aspekter af medicinen er d\u00e6kket.<\/p>\n                                        \n                     <h6><span>Date reviewed<\/span> 27\/03\/2024<\/h6>                   \n                    \n                  \n                   \n                <\/div>\n            <\/div>\n        <\/div>\n    <\/main>\n\n    <\/div>\n\t\t\t\t<\/div>\n\t\t\t\t<\/div>\n\t\t\t\t<\/div>\n\t\t\t\t<\/div>\n\t\t","protected":false},"excerpt":{"rendered":"","protected":false},"author":3,"featured_media":0,"parent":0,"menu_order":0,"comment_status":"closed","ping_status":"closed","template":"","meta":{"_acf_changed":false,"footnotes":""},"acf":[],"yoast_head":"<!-- This site is optimized with the Yoast SEO plugin v22.3 - https:\/\/yoast.com\/wordpress\/plugins\/seo\/ -->\n<title>Elementor #414 - Join Simple<\/title>\n<meta name=\"robots\" content=\"index, follow, max-snippet:-1, max-image-preview:large, max-video-preview:-1\" \/>\n<link rel=\"canonical\" href=\"https:\/\/joinsimple.com\/dk\/elementor-414\/\" \/>\n<meta property=\"og:locale\" content=\"en_US\" \/>\n<meta property=\"og:type\" content=\"article\" \/>\n<meta property=\"og:title\" content=\"Elementor #414 - Join Simple\" \/>\n<meta property=\"og:url\" content=\"https:\/\/joinsimple.com\/dk\/elementor-414\/\" \/>\n<meta property=\"og:site_name\" content=\"Join Simple\" \/>\n<meta property=\"article:modified_time\" content=\"2024-04-03T11:54:32+00:00\" \/>\n<meta name=\"twitter:card\" content=\"summary_large_image\" \/>\n<script type=\"application\/ld+json\" class=\"yoast-schema-graph\">{\"@context\":\"https:\/\/schema.org\",\"@graph\":[{\"@type\":\"WebPage\",\"@id\":\"https:\/\/joinsimple.com\/dk\/elementor-414\/\",\"url\":\"https:\/\/joinsimple.com\/dk\/elementor-414\/\",\"name\":\"Elementor #414 - Join Simple\",\"isPartOf\":{\"@id\":\"https:\/\/joinsimple.com\/dk\/#website\"},\"datePublished\":\"2024-03-27T10:16:49+00:00\",\"dateModified\":\"2024-04-03T11:54:32+00:00\",\"breadcrumb\":{\"@id\":\"https:\/\/joinsimple.com\/dk\/elementor-414\/#breadcrumb\"},\"inLanguage\":\"en-US\",\"potentialAction\":[{\"@type\":\"ReadAction\",\"target\":[\"https:\/\/joinsimple.com\/dk\/elementor-414\/\"]}]},{\"@type\":\"BreadcrumbList\",\"@id\":\"https:\/\/joinsimple.com\/dk\/elementor-414\/#breadcrumb\",\"itemListElement\":[{\"@type\":\"ListItem\",\"position\":1,\"name\":\"Home\",\"item\":\"https:\/\/joinsimple.com\/dk\/\"},{\"@type\":\"ListItem\",\"position\":2,\"name\":\"Elementor #414\"}]},{\"@type\":\"WebSite\",\"@id\":\"https:\/\/joinsimple.com\/dk\/#website\",\"url\":\"https:\/\/joinsimple.com\/dk\/\",\"name\":\"Join Simple\",\"description\":\"\",\"publisher\":{\"@id\":\"https:\/\/joinsimple.com\/dk\/#organization\"},\"potentialAction\":[{\"@type\":\"SearchAction\",\"target\":{\"@type\":\"EntryPoint\",\"urlTemplate\":\"https:\/\/joinsimple.com\/dk\/?s={search_term_string}\"},\"query-input\":\"required name=search_term_string\"}],\"inLanguage\":\"en-US\"},{\"@type\":\"Organization\",\"@id\":\"https:\/\/joinsimple.com\/dk\/#organization\",\"name\":\"Join Simple\",\"url\":\"https:\/\/joinsimple.com\/dk\/\",\"logo\":{\"@type\":\"ImageObject\",\"inLanguage\":\"en-US\",\"@id\":\"https:\/\/joinsimple.com\/dk\/#\/schema\/logo\/image\/\",\"url\":\"https:\/\/joinsimple.com\/dk\/wp-content\/uploads\/sites\/2\/2024\/03\/web-logo.svg\",\"contentUrl\":\"https:\/\/joinsimple.com\/dk\/wp-content\/uploads\/sites\/2\/2024\/03\/web-logo.svg\",\"width\":129,\"height\":30,\"caption\":\"Join Simple\"},\"image\":{\"@id\":\"https:\/\/joinsimple.com\/dk\/#\/schema\/logo\/image\/\"}}]}<\/script>\n<!-- \/ Yoast SEO plugin. -->","yoast_head_json":{"title":"Elementor #414 - Join Simple","robots":{"index":"index","follow":"follow","max-snippet":"max-snippet:-1","max-image-preview":"max-image-preview:large","max-video-preview":"max-video-preview:-1"},"canonical":"https:\/\/joinsimple.com\/dk\/elementor-414\/","og_locale":"en_US","og_type":"article","og_title":"Elementor #414 - Join Simple","og_url":"https:\/\/joinsimple.com\/dk\/elementor-414\/","og_site_name":"Join Simple","article_modified_time":"2024-04-03T11:54:32+00:00","twitter_card":"summary_large_image","schema":{"@context":"https:\/\/schema.org","@graph":[{"@type":"WebPage","@id":"https:\/\/joinsimple.com\/dk\/elementor-414\/","url":"https:\/\/joinsimple.com\/dk\/elementor-414\/","name":"Elementor #414 - Join Simple","isPartOf":{"@id":"https:\/\/joinsimple.com\/dk\/#website"},"datePublished":"2024-03-27T10:16:49+00:00","dateModified":"2024-04-03T11:54:32+00:00","breadcrumb":{"@id":"https:\/\/joinsimple.com\/dk\/elementor-414\/#breadcrumb"},"inLanguage":"en-US","potentialAction":[{"@type":"ReadAction","target":["https:\/\/joinsimple.com\/dk\/elementor-414\/"]}]},{"@type":"BreadcrumbList","@id":"https:\/\/joinsimple.com\/dk\/elementor-414\/#breadcrumb","itemListElement":[{"@type":"ListItem","position":1,"name":"Home","item":"https:\/\/joinsimple.com\/dk\/"},{"@type":"ListItem","position":2,"name":"Elementor #414"}]},{"@type":"WebSite","@id":"https:\/\/joinsimple.com\/dk\/#website","url":"https:\/\/joinsimple.com\/dk\/","name":"Join Simple","description":"","publisher":{"@id":"https:\/\/joinsimple.com\/dk\/#organization"},"potentialAction":[{"@type":"SearchAction","target":{"@type":"EntryPoint","urlTemplate":"https:\/\/joinsimple.com\/dk\/?s={search_term_string}"},"query-input":"required name=search_term_string"}],"inLanguage":"en-US"},{"@type":"Organization","@id":"https:\/\/joinsimple.com\/dk\/#organization","name":"Join Simple","url":"https:\/\/joinsimple.com\/dk\/","logo":{"@type":"ImageObject","inLanguage":"en-US","@id":"https:\/\/joinsimple.com\/dk\/#\/schema\/logo\/image\/","url":"https:\/\/joinsimple.com\/dk\/wp-content\/uploads\/sites\/2\/2024\/03\/web-logo.svg","contentUrl":"https:\/\/joinsimple.com\/dk\/wp-content\/uploads\/sites\/2\/2024\/03\/web-logo.svg","width":129,"height":30,"caption":"Join Simple"},"image":{"@id":"https:\/\/joinsimple.com\/dk\/#\/schema\/logo\/image\/"}}]}},"_links":{"self":[{"href":"https:\/\/joinsimple.com\/dk\/wp-json\/wp\/v2\/pages\/414"}],"collection":[{"href":"https:\/\/joinsimple.com\/dk\/wp-json\/wp\/v2\/pages"}],"about":[{"href":"https:\/\/joinsimple.com\/dk\/wp-json\/wp\/v2\/types\/page"}],"author":[{"embeddable":true,"href":"https:\/\/joinsimple.com\/dk\/wp-json\/wp\/v2\/users\/3"}],"replies":[{"embeddable":true,"href":"https:\/\/joinsimple.com\/dk\/wp-json\/wp\/v2\/comments?post=414"}],"version-history":[{"count":11,"href":"https:\/\/joinsimple.com\/dk\/wp-json\/wp\/v2\/pages\/414\/revisions"}],"predecessor-version":[{"id":815,"href":"https:\/\/joinsimple.com\/dk\/wp-json\/wp\/v2\/pages\/414\/revisions\/815"}],"wp:attachment":[{"href":"https:\/\/joinsimple.com\/dk\/wp-json\/wp\/v2\/media?parent=414"}],"curies":[{"name":"wp","href":"https:\/\/api.w.org\/{rel}","templated":true}]}}